{"id":176,"date":"2019-10-21T16:44:44","date_gmt":"2019-10-21T16:44:44","guid":{"rendered":"http:\/\/tranviaeloro.com\/?page_id=176"},"modified":"2023-08-22T08:35:17","modified_gmt":"2023-08-22T14:35:17","slug":"contacto","status":"publish","type":"page","link":"https:\/\/tranviaeloro.com\/index.php\/contacto\/","title":{"rendered":"Contacto"},"content":{"rendered":"<section class='page-content custom-background image-background parallax parallax-5' style='background-image: url(https:\/\/tranviaeloro.com\/wp-content\/uploads\/2019\/09\/Ayuntamiento_de_El_OroBN.jpg);background-size: cover; background-attachment: fixed;background-repeat: repeat;' data-stellar-background-ratio='0.4' ><section class='container-fluid'><div class='row' style=''><div class='col-md-2  empty' style='margin-top:200px;' ><\/div><div class='col-md-8 custom-background color-background' style='background-color: #ffffff;margin-top:200px;' ><div class='custom-heading02'>\r\n                            <h2>Contacto <\/h2>\r\n                            <p>Tranv\u00eda \"El Oro\"<\/p>\r\n                        <\/div><div class='cma-wysiwyg-editor'><p>Estamos ubicados en la antigua estaci\u00f3n del ferrocarril. Estamos a sus \u00f3rdenes s\u00e1bados y domingos.<\/p><p><em><strong>Tenemos recorridos:<\/strong> <\/em>10:30, 12:00, 14:00, 16:00 y 17:30, con una duraci\u00f3n de 1 hora y 20 minutos.<\/p><p><em><strong>Costo de boletos:<\/strong><\/em><\/p><ul><li><strong>General $10<\/strong><strong>0<\/strong><\/li><li><strong>Ni\u00f1os de 4 a 10 a\u00f1os: $80<\/strong><\/li><li><strong>INAPAM $80<\/strong><\/li><\/ul><p>Nos puedes contactarnos en los siguientes tel\u00e9fonos:<\/p><ul><li><strong>(712) 219 9770 <\/strong><\/li><li><strong>\u00a0(712) 219 9771<\/strong>\u00a0<\/li><\/ul><p>Facebook: <a href=\"https:\/\/www.facebook.com\/tranviaturistico.tiroprovidencia\">Tranv\u00eda tur\u00edstico Tiro providencia<\/a><\/p><\/div><\/div><div class='col-md-2 empty' style='' ><\/div><\/div><div class='row' style=''><div class='col-md-2 empty' style='' ><\/div><div class='col-md-4 custom-background color-background' style='background-color: #ffffff;' ><div class='cma-wysiwyg-editor'><p>Traza tu ruta a travez de <strong>Waze:<\/strong><\/p><ol><li>Abre la c\u00e1mara de tu celular.<\/li><li>Lee el siguiente <strong>c\u00f3digo QR,\u00a0<\/strong>da click en la notificaci\u00f3n.<\/li><li>Inicia la ruta en la aplicaci\u00f3n.<\/li><\/ol><p><a href=\"https:\/\/www.waze.com\/ul?ll=19.80172504%2C-100.13220549&amp;navigate=yes&amp;zoom=17 \"><img class=\"aligncenter size-medium wp-image-261\" src=\"http:\/\/tranviaeloro.com\/wp-content\/uploads\/2019\/10\/waze1-296x300.png\" alt=\"\" width=\"296\" height=\"300\" \/><\/a><\/p><\/div><\/div><div class='col-md-4 ' style='' ><div class='cma-wysiwyg-editor'><p style=\"text-align: center;\"><iframe style=\"border: none; overflow: hidden;\" src=\"https:\/\/www.facebook.com\/plugins\/page.php?href=https%3A%2F%2Fwww.facebook.com%2FTu-viaje-tur%C3%ADstico-en-Tranv%C3%ADa-El-Oro-Pueblo-M%C3%A1gico-359138008046353%2F&amp;tabs=timeline&amp;width=350&amp;height=500&amp;small_header=false&amp;adapt_container_width=true&amp;hide_cover=false&amp;show_facepile=false&amp;appId=1559798407680139\" width=\"350\" height=\"500\" frameborder=\"0\" scrolling=\"no\"><\/iframe><\/p><\/div><\/div><div class='col-md-2 empty' style='' ><\/div><\/div><div class='row' style=''><div class='col-md-2 empty' style='' ><\/div><div class='col-md-8 custom-background color-background' style='background-color: #ffffff;' ><div class='custom-heading02'>\r\n                            <h2>Otros Recorridos:<\/h2>\r\n                            \r\n                        <\/div><div class='cma-wysiwyg-editor'><p style=\"text-align: center;\"><em><strong>Tambi\u00e9n nos puedes visitar en:<\/strong> <\/em>Quer\u00e9taro (Conceptos Quer\u00e9taro), contamos con recorrido de Leyendas, Tranv\u00edas, Recorridos a la sierra y mucho m\u00e1s\u2026<\/p><p><a href=\"http:\/\/www.tranviaqueretaro.com.mx\"><img class=\"aligncenter size-full wp-image-264\" src=\"http:\/\/tranviaeloro.com\/wp-content\/uploads\/2019\/10\/logo-home.png\" alt=\"\" width=\"111\" height=\"97\" \/><\/a><\/p><p style=\"text-align: center;\">Nuestra p\u00e1gina: <a href=\"http:\/\/www.tranviaqueretaro.com.mx\/\">www.tranviaqueretaro.com.mx<\/a><\/p><\/div><\/div><div class='col-md-2 empty' style='' ><\/div><\/div><\/section><\/section>\n","protected":false},"excerpt":{"rendered":"","protected":false},"author":1,"featured_media":0,"parent":0,"menu_order":0,"comment_status":"closed","ping_status":"closed","template":"","meta":{"inline_featured_image":false},"_links":{"self":[{"href":"https:\/\/tranviaeloro.com\/index.php\/wp-json\/wp\/v2\/pages\/176"}],"collection":[{"href":"https:\/\/tranviaeloro.com\/index.php\/wp-json\/wp\/v2\/pages"}],"about":[{"href":"https:\/\/tranviaeloro.com\/index.php\/wp-json\/wp\/v2\/types\/page"}],"author":[{"embeddable":true,"href":"https:\/\/tranviaeloro.com\/index.php\/wp-json\/wp\/v2\/users\/1"}],"replies":[{"embeddable":true,"href":"https:\/\/tranviaeloro.com\/index.php\/wp-json\/wp\/v2\/comments?post=176"}],"version-history":[{"count":35,"href":"https:\/\/tranviaeloro.com\/index.php\/wp-json\/wp\/v2\/pages\/176\/revisions"}],"predecessor-version":[{"id":276,"href":"https:\/\/tranviaeloro.com\/index.php\/wp-json\/wp\/v2\/pages\/176\/revisions\/276"}],"wp:attachment":[{"href":"https:\/\/tranviaeloro.com\/index.php\/wp-json\/wp\/v2\/media?parent=176"}],"curies":[{"name":"wp","href":"https:\/\/api.w.org\/{rel}","templated":true}]}}