{"id":157,"date":"2019-10-21T16:04:29","date_gmt":"2019-10-21T16:04:29","guid":{"rendered":"http:\/\/tranviaeloro.com\/?page_id=157"},"modified":"2023-08-22T08:35:48","modified_gmt":"2023-08-22T14:35:48","slug":"recorridos","status":"publish","type":"page","link":"https:\/\/tranviaeloro.com\/index.php\/recorridos\/","title":{"rendered":"Recorridos"},"content":{"rendered":"<section class='page-content custom-background image-background' style='background-image: url(https:\/\/tranviaeloro.com\/wp-content\/uploads\/2019\/10\/hotel-wallpaper.png);background-size: auto;background-repeat: repeat;'  ><section class='container'><div class='row' style=''><div class='col-md-6 custom-background color-background' style='background-color: #ffffff;' ><div class='custom-heading02'>\r\n                            <h2>Tranv\u00eda \"El Oro\"<\/h2>\r\n                            \r\n                        <\/div><div class='cma-wysiwyg-editor'><p>El recorrido consiste en los siguientes puntos:<\/p><ul type=\"disc\"><li>Inicia en la antigua estaci\u00f3n de ferrocarril<\/li><li>Visita del mirador, se hace una parada en este punto para que nuestros visitantes se tomen fotos<\/li><li>Capilla santo ni\u00f1o de Atocha<\/li><li>Jard\u00edn madero<\/li><li>Palacio municipal<\/li><li>Teatro Ju\u00e1rez<\/li><li>Mercado municipal<\/li><li>Presas Brockman y victoria en este punto se bajan 15 a 20 minutos<\/li><li>Museo de miner\u00eda<\/li><li>Casa roja<\/li><li>Tiro norte<\/li><li>Terminamos en la antigua estaci\u00f3n de ferrocarril<\/li><\/ul><\/div><\/div><div class='col-md-6 ' style='' ><div class='cma-wysiwyg-editor'><p>\n\t\t<!-- MasterSlider -->\n\t\t<div id=\"P_MS69e32d5a26596\" class=\"master-slider-parent ms-parent-id-3\" style=\"max-width:1000px;\"  >\n\n\t\t\t\n\t\t\t<!-- MasterSlider Main -->\n\t\t\t<div id=\"MS69e32d5a26596\" class=\"master-slider ms-skin-light-5\" >\n\t\t\t\t \t\t\t\t \n\n\t\t\t<div  class=\"ms-slide\" data-delay=\"3\" data-fill-mode=\"fill\"   >\n\t\t\t\t\t<img src=\"https:\/\/tranviaeloro.com\/wp-content\/plugins\/masterslider\/public\/assets\/css\/blank.gif\" alt=\"\" title=\"\" data-src=\"https:\/\/tranviaeloro.com\/wp-content\/uploads\/2019\/10\/6eloromex.jpg\" \/>\n\n\n\t\t\t\t<\/div>\n\t\t\t<div  class=\"ms-slide\" data-delay=\"3\" data-fill-mode=\"fill\"   >\n\t\t\t\t\t<img src=\"https:\/\/tranviaeloro.com\/wp-content\/plugins\/masterslider\/public\/assets\/css\/blank.gif\" alt=\"\" title=\"\" data-src=\"https:\/\/tranviaeloro.com\/wp-content\/uploads\/2019\/10\/10eloromex.jpg\" \/>\n\n\n\t\t\t\t<\/div>\n\t\t\t<div  class=\"ms-slide\" data-delay=\"3\" data-fill-mode=\"fill\"   >\n\t\t\t\t\t<img src=\"https:\/\/tranviaeloro.com\/wp-content\/plugins\/masterslider\/public\/assets\/css\/blank.gif\" alt=\"\" title=\"\" data-src=\"https:\/\/tranviaeloro.com\/wp-content\/uploads\/2019\/10\/9eloromex.jpg\" \/>\n\n\n\t\t\t\t<\/div>\n\t\t\t<div  class=\"ms-slide\" data-delay=\"3\" data-fill-mode=\"fill\"   >\n\t\t\t\t\t<img src=\"https:\/\/tranviaeloro.com\/wp-content\/plugins\/masterslider\/public\/assets\/css\/blank.gif\" alt=\"\" title=\"\" data-src=\"https:\/\/tranviaeloro.com\/wp-content\/uploads\/2019\/10\/2eloromex.jpg\" \/>\n\n\n\t\t\t\t<\/div>\n\t\t\t<div  class=\"ms-slide\" data-delay=\"3\" data-fill-mode=\"fill\"   >\n\t\t\t\t\t<img src=\"https:\/\/tranviaeloro.com\/wp-content\/plugins\/masterslider\/public\/assets\/css\/blank.gif\" alt=\"\" title=\"13eloromex\" data-src=\"https:\/\/tranviaeloro.com\/wp-content\/uploads\/2019\/10\/13eloromex.jpg\" \/>\n\n\n\t\t\t\t<\/div>\n\t\t\t<div  class=\"ms-slide\" data-delay=\"3\" data-fill-mode=\"fill\"   >\n\t\t\t\t\t<img src=\"https:\/\/tranviaeloro.com\/wp-content\/plugins\/masterslider\/public\/assets\/css\/blank.gif\" alt=\"\" title=\"3eloromex\" data-src=\"https:\/\/tranviaeloro.com\/wp-content\/uploads\/2019\/10\/3eloromex.jpg\" \/>\n\n\n\t\t\t\t<\/div>\n\t\t\t<div  class=\"ms-slide\" data-delay=\"3\" data-fill-mode=\"fill\"   >\n\t\t\t\t\t<img src=\"https:\/\/tranviaeloro.com\/wp-content\/plugins\/masterslider\/public\/assets\/css\/blank.gif\" alt=\"\" title=\"presa\" data-src=\"https:\/\/tranviaeloro.com\/wp-content\/uploads\/2019\/10\/presa.png\" \/>\n\n\n\t\t\t\t<\/div>\n\n\t\t\t<\/div>\n\t\t\t<!-- END MasterSlider Main -->\n\n\t\t\t \n\t\t<\/div>\n\t\t<!-- END MasterSlider -->\n\n\t\t<script>\n\t\t( window.MSReady = window.MSReady || [] ).push( function( $ ) {\n\n\t\t\t\"use strict\";\n\t\t\tvar masterslider_6596 = new MasterSlider();\n\n\t\t\t\/\/ slider controls\n\t\t\tmasterslider_6596.control('arrows'     ,{ autohide:true, overVideo:true  });\n\t\t\t\/\/ slider setup\n\t\t\tmasterslider_6596.setup(\"MS69e32d5a26596\", {\n\t\t\t\twidth           : 600,\n\t\t\t\theight          : 530,\n\t\t\t\tminHeight       : 0,\n\t\t\t\tspace           : 0,\n\t\t\t\tstart           : 1,\n\t\t\t\tgrabCursor      : true,\n\t\t\t\tswipe           : true,\n\t\t\t\tmouse           : true,\n\t\t\t\tkeyboard        : false,\n\t\t\t\tlayout          : \"boxed\",\n\t\t\t\twheel           : false,\n\t\t\t\tautoplay        : true,\n                instantStartLayers:false,\n\t\t\t\tmobileBGVideo:false,\n\t\t\t\tloop            : false,\n\t\t\t\tshuffle         : false,\n\t\t\t\tpreload         : 3,\n\t\t\t\theightLimit     : true,\n\t\t\t\tautoHeight      : false,\n\t\t\t\tsmoothHeight    : true,\n\t\t\t\tendPause        : false,\n\t\t\t\toverPause       : false,\n\t\t\t\tfillMode        : \"fill\",\n\t\t\t\tcenterControls  : false,\n\t\t\t\tstartOnAppear   : false,\n\t\t\t\tlayersMode      : \"center\",\n\t\t\t\tautofillTarget  : \"\",\n\t\t\t\thideLayers      : false,\n\t\t\t\tfullscreenMargin: 0,\n\t\t\t\tspeed           : 24,\n\t\t\t\tdir             : \"h\",\n\t\t\t\tparallaxMode    : 'swipe',\n\t\t\t\tview            : \"scale\"\n\t\t\t});\n\n\t\t\t\n\t\t\twindow.masterslider_instances = window.masterslider_instances || [];\n\t\t\twindow.masterslider_instances.push( masterslider_6596 );\n\t\t});\n\t\t<\/script>\n\n<\/p><\/div><\/div><\/div><\/section><\/section><section class='page-content custom-background color-background' style='background-color: #f4c322;'  ><section class='container-fluid' style='padding-left: 0; padding-right: 0;'><div class='row' style=''><div class='col-md-12 ' style='' ><ul class='vehicle-gallery clearfix'><li class='col-md-3'>\r\n                            <figure class='gallery-item-container'>                               \r\n                                <div class='gallery-item'>\r\n                                    <img src='https:\/\/tranviaeloro.com\/wp-content\/uploads\/bfi_thumb\/7eloromex-ofjwpewh162015qozvwup42pmflirinrbjfxe8na04.jpg' alt='gallery-image'>\r\n\r\n                                    <div class='hover-mask-container'>\r\n                                        <div class='hover-mask'><\/div>\r\n                                        <div class='hover-zoom'>\r\n                                            <a href='https:\/\/tranviaeloro.com\/wp-content\/uploads\/2019\/10\/7eloromex.jpg' class='triggerZoom fa fa-search'><\/a>\r\n                                        <\/div>\r\n                                    <\/div>\r\n                                <\/div>\r\n\r\n                                \r\n                            <\/figure>\r\n                        <\/li><li class='col-md-3'>\r\n                            <figure class='gallery-item-container'>                               \r\n                                <div class='gallery-item'>\r\n                                    <img src='https:\/\/tranviaeloro.com\/wp-content\/uploads\/bfi_thumb\/6eloromex-ofjwpdymuc0ppjs25di84mb911q5jtk0zesfwyoo6c.jpg' alt='gallery-image'>\r\n\r\n                                    <div class='hover-mask-container'>\r\n                                        <div class='hover-mask'><\/div>\r\n                                        <div class='hover-zoom'>\r\n                                            <a href='https:\/\/tranviaeloro.com\/wp-content\/uploads\/2019\/10\/6eloromex.jpg' class='triggerZoom fa fa-search'><\/a>\r\n                                        <\/div>\r\n                                    <\/div>\r\n                                <\/div>\r\n\r\n                                \r\n                            <\/figure>\r\n                        <\/li><li class='col-md-3'>\r\n                            <figure class='gallery-item-container'>                               \r\n                                <div class='gallery-item'>\r\n                                    <img src='https:\/\/tranviaeloro.com\/wp-content\/uploads\/bfi_thumb\/12eloromex-ofjwpintsi75bll8dxjcz34jzz2zmb2oo21vbchpb8.jpg' alt='gallery-image'>\r\n\r\n                                    <div class='hover-mask-container'>\r\n                                        <div class='hover-mask'><\/div>\r\n                                        <div class='hover-zoom'>\r\n                                            <a href='https:\/\/tranviaeloro.com\/wp-content\/uploads\/2019\/10\/12eloromex.jpg' class='triggerZoom fa fa-search'><\/a>\r\n                                        <\/div>\r\n                                    <\/div>\r\n                                <\/div>\r\n\r\n                                \r\n                            <\/figure>\r\n                        <\/li><li class='col-md-3'>\r\n                            <figure class='gallery-item-container'>                               \r\n                                <div class='gallery-item'>\r\n                                    <img src='https:\/\/tranviaeloro.com\/wp-content\/uploads\/bfi_thumb\/9eloromex-ofjwpgs5eu4kodnyowq3u3lmt7c96wv7zsqwcskhno.jpg' alt='gallery-image'>\r\n\r\n                                    <div class='hover-mask-container'>\r\n                                        <div class='hover-mask'><\/div>\r\n                                        <div class='hover-zoom'>\r\n                                            <a href='https:\/\/tranviaeloro.com\/wp-content\/uploads\/2019\/10\/9eloromex.jpg' class='triggerZoom fa fa-search'><\/a>\r\n                                        <\/div>\r\n                                    <\/div>\r\n                                <\/div>\r\n\r\n                                \r\n                            <\/figure>\r\n                        <\/li><\/ul><\/div><\/div><\/section><\/section><section class='page-content custom-background image-background' style='background-image: url(https:\/\/tranviaeloro.com\/wp-content\/uploads\/2019\/10\/hotel-wallpaper.png);background-size: auto;background-repeat: repeat;'  ><section class='container'><div class='row' style='margin-top: 30px;'><div class='col-md-2 empty' style='' ><\/div><div class='col-md-8 custom-background color-background' style='background-color: #ffffff;' ><div class='custom-heading02'>\r\n                            <h2>Contacto <\/h2>\r\n                            <p>Tranv\u00eda \"El Oro\"<\/p>\r\n                        <\/div><div class='cma-wysiwyg-editor'><p>Durante el recorrido, nuestro gu\u00eda les compartir\u00e1 una breve explicaci\u00f3n de lo m\u00e1s representativo de cada lugar a visitar<\/p><p>Tenemos servicios especiales para grupos (15 a\u00f1os, familias, etc.)<\/p><p>Estamos ubicados en la antigua estaci\u00f3n del ferrocarril. Estamos a sus \u00f3rdenes s\u00e1bados y domingos.<\/p><p><strong>Tenemos recorridos:<\/strong> 10:30, 12:00, 14:00, 16:00 y 17:30, con una duraci\u00f3n de 1 hora y 20 minutos.<\/p><p><strong>Costo de boletos:<\/strong><\/p><ul><li>General $100<\/li><li>Ni\u00f1os de 4 a 10 a\u00f1os: $80<\/li><li>INAPAM $80<\/li><\/ul><p>Puedes contactarnos en los siguientes tel\u00e9fonos: <em><strong>(712) 219 9770 y (712) 219 9771<\/strong><\/em> o en la p\u00e1gina de Facebook: <a href=\"https:\/\/www.facebook.com\/tranviaturistico.tiroprovidencia\">Tranv\u00eda tur\u00edstico Tiro providencia<\/a><\/p><br \/><\/div><\/div><div class='col-md-2 empty' style='' ><\/div><\/div><\/section><\/section>\n","protected":false},"excerpt":{"rendered":"","protected":false},"author":1,"featured_media":0,"parent":0,"menu_order":0,"comment_status":"closed","ping_status":"closed","template":"","meta":{"inline_featured_image":false},"_links":{"self":[{"href":"https:\/\/tranviaeloro.com\/index.php\/wp-json\/wp\/v2\/pages\/157"}],"collection":[{"href":"https:\/\/tranviaeloro.com\/index.php\/wp-json\/wp\/v2\/pages"}],"about":[{"href":"https:\/\/tranviaeloro.com\/index.php\/wp-json\/wp\/v2\/types\/page"}],"author":[{"embeddable":true,"href":"https:\/\/tranviaeloro.com\/index.php\/wp-json\/wp\/v2\/users\/1"}],"replies":[{"embeddable":true,"href":"https:\/\/tranviaeloro.com\/index.php\/wp-json\/wp\/v2\/comments?post=157"}],"version-history":[{"count":23,"href":"https:\/\/tranviaeloro.com\/index.php\/wp-json\/wp\/v2\/pages\/157\/revisions"}],"predecessor-version":[{"id":255,"href":"https:\/\/tranviaeloro.com\/index.php\/wp-json\/wp\/v2\/pages\/157\/revisions\/255"}],"wp:attachment":[{"href":"https:\/\/tranviaeloro.com\/index.php\/wp-json\/wp\/v2\/media?parent=157"}],"curies":[{"name":"wp","href":"https:\/\/api.w.org\/{rel}","templated":true}]}}